{"id":64,"date":"2022-11-16T22:29:38","date_gmt":"2022-11-16T21:29:38","guid":{"rendered":"https:\/\/www.creciendoengaia.com\/?page_id=64"},"modified":"2023-01-04T17:59:42","modified_gmt":"2023-01-04T16:59:42","slug":"acerca-de-mi","status":"publish","type":"page","link":"https:\/\/www.creciendoengaia.com\/index.php\/acerca-de-mi\/","title":{"rendered":"Acerca de m\u00ed"},"content":{"rendered":"<p><img loading=\"lazy\" decoding=\"async\" class=\"size-medium wp-image-114 alignleft\" src=\"https:\/\/www.creciendoengaia.com\/wp-content\/uploads\/2022\/12\/acerca2-peque-216x300.png\" alt=\"\" width=\"216\" height=\"300\" srcset=\"https:\/\/www.creciendoengaia.com\/wp-content\/uploads\/2022\/12\/acerca2-peque-216x300.png 216w, https:\/\/www.creciendoengaia.com\/wp-content\/uploads\/2022\/12\/acerca2-peque.png 288w\" sizes=\"auto, (max-width: 216px) 100vw, 216px\" \/><\/p>\n<p class=\"p1\">Me llamo Laura. Soy psic\u00f3loga hol\u00edstica y experta en inteligencia emocional y coaching. Si quieres quedarte, te invito a que compartamos este espacio y caminemos juntos.<\/p>\n<p class=\"p1\">Creciendo en Gaia es un camino de regreso a ti. Me apasiona el ser humano, lo m\u00edstico y el espacio de vida entre vidas. Desde muy peque\u00f1a tuve experiencias de dif\u00edcil comprensi\u00f3n, a d\u00eda de hoy puedo dar respuesta a muchas de ellas y tambi\u00e9n gracias a todas mis experiencias este proyecto hoy tiene sentido<\/p>\n<p class=\"p1\">En ocasiones la vida puede parecer compleja, la cuesti\u00f3n es: \u00bfTe est\u00e1s haciendo las preguntas correctas?<\/p>\n<p class=\"p1\">El inconsciente gobierna nuestra vida, por eso muchas terapias a veces resultan insuficientes. En Creciendo en Gaia empleamos t\u00e9cnicas que trabajan con el inconsciente permitiendo que emerjan a la conciencia aquellos aspectos que estemos preparados para trabajar.<img loading=\"lazy\" decoding=\"async\" class=\"size-medium wp-image-116 alignright\" src=\"https:\/\/www.creciendoengaia.com\/wp-content\/uploads\/2022\/12\/acerca3-peque-225x300.png\" alt=\"\" width=\"225\" height=\"300\" srcset=\"https:\/\/www.creciendoengaia.com\/wp-content\/uploads\/2022\/12\/acerca3-peque-225x300.png 225w, https:\/\/www.creciendoengaia.com\/wp-content\/uploads\/2022\/12\/acerca3-peque.png 300w\" sizes=\"auto, (max-width: 225px) 100vw, 225px\" \/><\/p>\n<p class=\"p1\">Somos seres de luz viviendo una experiencia humana, por ese motivo el cuerpo es un factor que vamos a tener muy presente en nuestro camino.<\/p>\n<p class=\"p1\">Nuestro cuerpo es ese detector de puntos ciegos y, si as\u00ed lo deseamos, estar\u00e1 a nuestro servicio para ayudarnos en nuestra evoluci\u00f3n.<\/p>\n<p class=\"p1\">Honrarnos en nuestro proceso, en nuestras luces y sombras es imprescindible. Sin ese paso, es dif\u00edcil movernos de donde estamos.<\/p>\n<p class=\"p1\">Vamos a des-aprender porque tu destino es tu origen.<\/p>\n","protected":false},"excerpt":{"rendered":"<p>Me llamo Laura. Soy psic\u00f3loga hol\u00edstica y experta en inteligencia emocional y coaching. Si quieres quedarte, te invito a que compartamos este espacio [&hellip;]<\/p>\n","protected":false},"author":1,"featured_media":110,"parent":0,"menu_order":0,"comment_status":"closed","ping_status":"closed","template":"","meta":{"om_disable_all_campaigns":false,"_monsterinsights_skip_tracking":false,"_monsterinsights_sitenote_active":false,"_monsterinsights_sitenote_note":"","_monsterinsights_sitenote_category":0,"footnotes":""},"class_list":["post-64","page","type-page","status-publish","has-post-thumbnail","hentry"],"aioseo_notices":[],"jetpack_sharing_enabled":true,"_links":{"self":[{"href":"https:\/\/www.creciendoengaia.com\/index.php\/wp-json\/wp\/v2\/pages\/64","targetHints":{"allow":["GET"]}}],"collection":[{"href":"https:\/\/www.creciendoengaia.com\/index.php\/wp-json\/wp\/v2\/pages"}],"about":[{"href":"https:\/\/www.creciendoengaia.com\/index.php\/wp-json\/wp\/v2\/types\/page"}],"author":[{"embeddable":true,"href":"https:\/\/www.creciendoengaia.com\/index.php\/wp-json\/wp\/v2\/users\/1"}],"replies":[{"embeddable":true,"href":"https:\/\/www.creciendoengaia.com\/index.php\/wp-json\/wp\/v2\/comments?post=64"}],"version-history":[{"count":6,"href":"https:\/\/www.creciendoengaia.com\/index.php\/wp-json\/wp\/v2\/pages\/64\/revisions"}],"predecessor-version":[{"id":149,"href":"https:\/\/www.creciendoengaia.com\/index.php\/wp-json\/wp\/v2\/pages\/64\/revisions\/149"}],"wp:featuredmedia":[{"embeddable":true,"href":"https:\/\/www.creciendoengaia.com\/index.php\/wp-json\/wp\/v2\/media\/110"}],"wp:attachment":[{"href":"https:\/\/www.creciendoengaia.com\/index.php\/wp-json\/wp\/v2\/media?parent=64"}],"curies":[{"name":"wp","href":"https:\/\/api.w.org\/{rel}","templated":true}]}}