{"id":137,"date":"2022-12-18T17:37:43","date_gmt":"2022-12-18T16:37:43","guid":{"rendered":"https:\/\/www.creciendoengaia.com\/index.php\/producto\/album\/"},"modified":"2023-01-04T16:51:58","modified_gmt":"2023-01-04T15:51:58","slug":"album","status":"publish","type":"product","link":"https:\/\/www.creciendoengaia.com\/index.php\/producto\/album\/","title":{"rendered":"Sesi\u00f3n Tarot Terap\u00e9utico"},"content":{"rendered":"<p class=\"p1\">En esta tirada de una hora de duraci\u00f3n puedes tratar todos los temas que quieras, hacer distintas preguntas de distintos temas y vamos a ir abord\u00e1ndolos uno a uno y desglosando a medida que vayan surgiendo m\u00e1s preguntas.<\/p>\n","protected":false},"excerpt":{"rendered":"<p>En esta tirada de una hora de duraci\u00f3n puedes tratar todos los temas que quieras, hacer distintas preguntas de distintos temas y vamos a ir abord\u00e1ndolos uno a uno y desglosando a medida que vayan surgiendo m\u00e1s preguntas.<\/p>\n","protected":false},"featured_media":114,"comment_status":"open","ping_status":"closed","template":"","meta":{"om_disable_all_campaigns":false,"_monsterinsights_skip_tracking":false,"_monsterinsights_sitenote_active":false,"_monsterinsights_sitenote_note":"","_monsterinsights_sitenote_category":0},"product_brand":[],"product_cat":[24],"product_tag":[],"class_list":{"0":"post-137","1":"product","2":"type-product","3":"status-publish","4":"has-post-thumbnail","6":"product_cat-tarot","8":"first","9":"instock","10":"sale","11":"virtual","12":"purchasable","13":"product-type-simple"},"aioseo_notices":[],"jetpack_sharing_enabled":true,"_links":{"self":[{"href":"https:\/\/www.creciendoengaia.com\/index.php\/wp-json\/wp\/v2\/product\/137","targetHints":{"allow":["GET"]}}],"collection":[{"href":"https:\/\/www.creciendoengaia.com\/index.php\/wp-json\/wp\/v2\/product"}],"about":[{"href":"https:\/\/www.creciendoengaia.com\/index.php\/wp-json\/wp\/v2\/types\/product"}],"replies":[{"embeddable":true,"href":"https:\/\/www.creciendoengaia.com\/index.php\/wp-json\/wp\/v2\/comments?post=137"}],"wp:featuredmedia":[{"embeddable":true,"href":"https:\/\/www.creciendoengaia.com\/index.php\/wp-json\/wp\/v2\/media\/114"}],"wp:attachment":[{"href":"https:\/\/www.creciendoengaia.com\/index.php\/wp-json\/wp\/v2\/media?parent=137"}],"wp:term":[{"taxonomy":"product_brand","embeddable":true,"href":"https:\/\/www.creciendoengaia.com\/index.php\/wp-json\/wp\/v2\/product_brand?post=137"},{"taxonomy":"product_cat","embeddable":true,"href":"https:\/\/www.creciendoengaia.com\/index.php\/wp-json\/wp\/v2\/product_cat?post=137"},{"taxonomy":"product_tag","embeddable":true,"href":"https:\/\/www.creciendoengaia.com\/index.php\/wp-json\/wp\/v2\/product_tag?post=137"}],"curies":[{"name":"wp","href":"https:\/\/api.w.org\/{rel}","templated":true}]}}