{"id":146,"date":"2023-01-04T17:00:25","date_gmt":"2023-01-04T16:00:25","guid":{"rendered":"https:\/\/www.creciendoengaia.com\/?post_type=product&#038;p=146"},"modified":"2023-01-04T17:03:10","modified_gmt":"2023-01-04T16:03:10","slug":"tarot-tirada-de-pareja","status":"publish","type":"product","link":"https:\/\/www.creciendoengaia.com\/index.php\/producto\/tarot-tirada-de-pareja\/","title":{"rendered":"Tarot &#8211; Tirada de pareja"},"content":{"rendered":"<p class=\"p1\">Con esta tirada vamos a analizar c\u00f3mo est\u00e1n los puntales de tu relaci\u00f3n, ya sea con tu pareja de hace a\u00f1os o con alguien con quien est\u00e1s empezando una relaci\u00f3n y quieres saber cu\u00e1l va a ser la proyecci\u00f3n a futuro.<\/p>\n","protected":false},"excerpt":{"rendered":"<p class=\"p1\">Con esta tirada vamos a analizar c\u00f3mo est\u00e1n los puntales de tu relaci\u00f3n, ya sea con tu pareja de hace a\u00f1os o con alguien con quien est\u00e1s empezando una relaci\u00f3n y quieres saber cu\u00e1l va a ser la proyecci\u00f3n a futuro.<\/p>\n","protected":false},"featured_media":141,"comment_status":"open","ping_status":"closed","template":"","meta":{"om_disable_all_campaigns":false,"_monsterinsights_skip_tracking":false,"_monsterinsights_sitenote_active":false,"_monsterinsights_sitenote_note":"","_monsterinsights_sitenote_category":0},"product_brand":[],"product_cat":[24],"product_tag":[],"class_list":{"0":"post-146","1":"product","2":"type-product","3":"status-publish","4":"has-post-thumbnail","6":"product_cat-tarot","8":"first","9":"instock","10":"sale","11":"purchasable","12":"product-type-simple"},"aioseo_notices":[],"jetpack_sharing_enabled":true,"_links":{"self":[{"href":"https:\/\/www.creciendoengaia.com\/index.php\/wp-json\/wp\/v2\/product\/146","targetHints":{"allow":["GET"]}}],"collection":[{"href":"https:\/\/www.creciendoengaia.com\/index.php\/wp-json\/wp\/v2\/product"}],"about":[{"href":"https:\/\/www.creciendoengaia.com\/index.php\/wp-json\/wp\/v2\/types\/product"}],"replies":[{"embeddable":true,"href":"https:\/\/www.creciendoengaia.com\/index.php\/wp-json\/wp\/v2\/comments?post=146"}],"wp:featuredmedia":[{"embeddable":true,"href":"https:\/\/www.creciendoengaia.com\/index.php\/wp-json\/wp\/v2\/media\/141"}],"wp:attachment":[{"href":"https:\/\/www.creciendoengaia.com\/index.php\/wp-json\/wp\/v2\/media?parent=146"}],"wp:term":[{"taxonomy":"product_brand","embeddable":true,"href":"https:\/\/www.creciendoengaia.com\/index.php\/wp-json\/wp\/v2\/product_brand?post=146"},{"taxonomy":"product_cat","embeddable":true,"href":"https:\/\/www.creciendoengaia.com\/index.php\/wp-json\/wp\/v2\/product_cat?post=146"},{"taxonomy":"product_tag","embeddable":true,"href":"https:\/\/www.creciendoengaia.com\/index.php\/wp-json\/wp\/v2\/product_tag?post=146"}],"curies":[{"name":"wp","href":"https:\/\/api.w.org\/{rel}","templated":true}]}}